{"id":3197,"date":"2022-03-03T22:03:59","date_gmt":"2022-03-04T01:03:59","guid":{"rendered":"https:\/\/www.capokia.com.br\/?page_id=3197"},"modified":"2026-03-09T15:07:39","modified_gmt":"2026-03-09T18:07:39","slug":"contact","status":"publish","type":"page","link":"https:\/\/www.capokia.com.br\/en\/contact\/","title":{"rendered":"Contact"},"content":{"rendered":"\n<style type=\"text\/css\" data-created_by=\"avia_inline_auto\" id=\"style-css-av-l0bpc23v-95ffe5c37c6e7d570a523df9a78d2cc0\">\n#top .av-special-heading.av-l0bpc23v-95ffe5c37c6e7d570a523df9a78d2cc0{\npadding-bottom:10px;\n}\n<\/style>\n<div  class='av-special-heading av-l0bpc23v-95ffe5c37c6e7d570a523df9a78d2cc0 av-special-heading-h1 blockquote modern-quote  avia-builder-el-0  el_before_av_one_fourth  avia-builder-el-first  '><h1 class='av-special-heading-tag '  itemprop=\"headline\"  >Let\u2019s Talk?<\/h1><div class='special-heading-border'><div class='special-heading-inner-border'><\/div><\/div><\/div>\n\n<style type=\"text\/css\" data-created_by=\"avia_inline_auto\" id=\"style-css-av-ixa6a5-bb9b482ccca8e258ad3e6a459000e594\">\n.flex_column.av-ixa6a5-bb9b482ccca8e258ad3e6a459000e594{\nborder-radius:0px 0px 0px 0px;\n-webkit-border-radius:0px 0px 0px 0px;\n-moz-border-radius:0px 0px 0px 0px;\npadding:10px 10px 10px 10px;\nbackground-color:#fff200;\n}\n<\/style>\n<div class='flex_column av-ixa6a5-bb9b482ccca8e258ad3e6a459000e594 av_one_fourth  avia-builder-el-1  el_after_av_heading  el_before_av_hr  first flex_column_div  av-animated-generic fade-in avia-link-column av-column-link '  data-link-column-url=\"https:\/\/www.capokia.com.br\/contato\/\"   ><a class=\"av-screen-reader-only\" href=https:\/\/www.capokia.com.br\/contato\/ >Follow a manual added link<\/a><\/div>\n\n<style type=\"text\/css\" data-created_by=\"avia_inline_auto\" id=\"style-css-av-gq2nyl-b7c9cf8947103505af39cebe240030ab\">\n#top .hr.av-gq2nyl-b7c9cf8947103505af39cebe240030ab{\nmargin-top:30px;\nmargin-bottom:30px;\n}\n.hr.av-gq2nyl-b7c9cf8947103505af39cebe240030ab .hr-inner{\nwidth:50px;\nborder-color:#ffffff;\n}\n<\/style>\n<div  class='hr av-gq2nyl-b7c9cf8947103505af39cebe240030ab hr-custom  avia-builder-el-2  el_after_av_one_fourth  el_before_av_one_half  hr-center hr-icon-no '><span class='hr-inner inner-border-av-border-thin'><span class=\"hr-inner-style\"><\/span><\/span><\/div>\n\n<style type=\"text\/css\" data-created_by=\"avia_inline_auto\" id=\"style-css-av-f92not-a0f1145e1dc0f0d838b7095eba791512\">\n.flex_column.av-f92not-a0f1145e1dc0f0d838b7095eba791512{\nborder-radius:0px 0px 0px 0px;\n-webkit-border-radius:0px 0px 0px 0px;\n-moz-border-radius:0px 0px 0px 0px;\n}\n<\/style>\n<div class='flex_column av-f92not-a0f1145e1dc0f0d838b7095eba791512 av_one_half  avia-builder-el-3  el_after_av_hr  el_before_av_two_fifth  first flex_column_div av-zero-column-padding '   ><section class=\"av_textblock_section \"  itemscope=\"itemscope\" itemtype=\"https:\/\/schema.org\/CreativeWork\" ><div class='avia_textblock  '   itemprop=\"text\" ><section id=\"custom_html-3\" class=\"widget_text widget clearfix widget_custom_html\">\n<div class=\"textwidget custom-html-widget\">\n<p><strong><span style=\"font-size: 20px; font-weight: 600;\">Address:<\/span><\/strong><\/p>\n<p>Canad\u00e1 \/\/ 809 Errol Rd E<br \/>\nOntario \u2013 N7V 2G8<\/p>\n<p>Brasil \/\/ Zelina Avenue 1142 &#8211; S\u00e3o Paulo<br \/>\nSP &#8211; 03143-002<\/p>\n<p><strong><span style=\"font-size: 20px; font-weight: 600;\">E-mail:<\/span><\/strong><\/p>\n<p><a href=\"mailto:hello@capokia.com.br\">hello@capokia.com.br<\/a><\/p>\n<p><span style=\"font-size: 20px; font-weight: 600;\">\u00a0<\/span><\/p>\n<p><span style=\"font-size: 20px; font-weight: 600;\">Would you like to join our team?<\/span><\/p>\n<p>Just give us a sample of your work.<br \/>\n<span class=\"JLqJ4b ChMk0b\" data-language-for-alternatives=\"pt\" data-language-to-translate-into=\"auto\" data-phrase-index=\"4\">We are always looking for talented people<\/span><span class=\"JLqJ4b ChMk0b\" data-language-for-alternatives=\"pt\" data-language-to-translate-into=\"auto\" data-phrase-index=\"5\">.<\/span><\/p>\n<p><a href=\"mailto:trampena@capokia.com.br\">trampena@capokia.com.br<\/a><\/p>\n<p><span style=\"font-size: 20px; font-weight: 600;\"><br \/>\nPhone:<\/span><\/p>\n<p>55+ 11 2738.9206<\/p>\n<p><span style=\"font-size: 20px; font-weight: 600;\"><br \/>\nFollow us \ud83d\ude42<\/span><\/p>\n<p><a href=\"https:\/\/www.linkedin.com\/company\/capokia\">Linkedin<\/a><\/p>\n<p><a href=\"https:\/\/www.instagram.com\/capokia.studio\/\">Instagram<\/a><\/p>\n<p><a href=\"https:\/\/pt-br.facebook.com\/capokia.studio\/\">Facebook<\/a><\/p>\n<p><a href=\"https:\/\/www.behance.net\/capokia\">Behance<\/a><\/p>\n<\/div>\n<\/section>\n<\/div><\/section><\/div>\n\n<style type=\"text\/css\" data-created_by=\"avia_inline_auto\" id=\"style-css-av-difn4t-d89cbbce07279f37d01faa82adbe049d\">\n.flex_column.av-difn4t-d89cbbce07279f37d01faa82adbe049d{\nborder-radius:0px 0px 0px 0px;\n-webkit-border-radius:0px 0px 0px 0px;\n-moz-border-radius:0px 0px 0px 0px;\n}\n<\/style>\n<div class='flex_column av-difn4t-d89cbbce07279f37d01faa82adbe049d av_two_fifth  avia-builder-el-5  el_after_av_one_half  el_before_av_two_fifth  flex_column_div av-zero-column-padding '   ><form action=\"https:\/\/www.capokia.com.br\/en\/contact\/\" method=\"post\"  class=\"avia_ajax_form av-form-labels-hidden   avia-builder-el-6  avia-builder-el-no-sibling  av-custom-form-color av-dark-form \" data-avia-form-id=\"1\" data-avia-redirect='' ><fieldset><p class='  first_form  form_element form_fullwidth' id='element_avia_1_1'><label for=\"avia_1_1\">Name <abbr class=\"required\" title=\"required\">*<\/abbr><\/label> <input name=\"avia_1_1\" class=\"text_input is_empty\" type=\"text\" id=\"avia_1_1\" value=\"\"  placeholder='Name*'\/><\/p><p class='  first_form  form_element form_fullwidth' id='element_avia_2_1'><label for=\"avia_2_1\">E-Mail <abbr class=\"required\" title=\"required\">*<\/abbr><\/label> <input name=\"avia_2_1\" class=\"text_input is_email\" type=\"text\" id=\"avia_2_1\" value=\"\"  placeholder='E-Mail*'\/><\/p><p class='  first_form  form_element form_fullwidth' id='element_avia_3_1'><label for=\"avia_3_1\">Phone <abbr class=\"required\" title=\"required\">*<\/abbr><\/label> <input name=\"avia_3_1\" class=\"text_input is_phone\" type=\"text\" id=\"avia_3_1\" value=\"\"  placeholder='Phone*'\/><\/p><p class=' first_form  form_element form_fullwidth' id='element_avia_4_1'><label for=\"avia_4_1\">Subject <abbr class=\"required\" title=\"required\">*<\/abbr><\/label> <select  name=\"avia_4_1\" class=\"select is_empty\" id=\"avia_4_1\"><option  value =''>Subject*<\/option><option  value ='Novos Neg\u00f3cios'>Novos Neg\u00f3cios<\/option><option  value ='Atendimento'>Atendimento<\/option><option  value ='Produ\u00e7\u00e3o'>Produ\u00e7\u00e3o<\/option><option  value ='Trabalhe Conosco'>Trabalhe Conosco<\/option><\/select><\/p><p class=' first_form  form_element form_fullwidth' id='element_avia_5_1'><label for=\"avia_5_1\">How did you hear about Capokia? <abbr class=\"required\" title=\"required\">*<\/abbr><\/label> <select  name=\"avia_5_1\" class=\"select is_empty\" id=\"avia_5_1\"><option  value =''>How did you hear about Capokia?*<\/option><option  value ='Instagram'>Instagram<\/option><option  value ='Linkedin'>Linkedin<\/option><option  value ='Google'>Google<\/option><option  value ='Ads'>Ads<\/option><option  value ='Eventos'>Eventos<\/option><option  value ='M\u00eddia'>M\u00eddia<\/option><option  value ='Amigos e conhecidos'>Amigos e conhecidos<\/option><option  value ='Sugest\u00e3o das IAs'>Sugest\u00e3o das IAs<\/option><option  value ='Outros'>Outros<\/option><\/select><\/p><p class='  first_form  form_element form_fullwidth' id='element_avia_6_1'><label for=\"avia_6_1\" class=\"textare_label hidden textare_label_avia_6_1\">How can we help? <abbr class=\"required\" title=\"required\">*<\/abbr><\/label><textarea  placeholder='How can we help?*' name=\"avia_6_1\" class=\"text_area is_empty\" cols=\"40\" rows=\"7\" id=\"avia_6_1\" ><\/textarea><\/p><p class=\"hidden\"><input type=\"text\" name=\"avia_7_1\" class=\"hidden \" id=\"avia_7_1\" value=\"\" \/><\/p><p class='   form_element form_fullwidth' id='element_avia_8_1'><span class='value_verifier_label'>1 + 6 = ?<\/span><input name=\"avia_8_1_verifier\" type=\"hidden\" id=\"avia_8_1_verifier\" value=\"762737773\"\/><label for=\"avia_8_1\">Please prove that you are human by solving the equation <abbr class=\"required\" title=\"required\">*<\/abbr><\/label><input name=\"avia_8_1\" class=\"text_input captcha\" type=\"text\" id=\"avia_8_1\" value=\"\"\/><\/p><p class=\"form_element \"><input type=\"hidden\" value=\"1\" name=\"avia_generated_form1\" \/><input type=\"submit\" value=\"Send\" class=\"button\"  data-sending-label=\"Sending\"\/><\/p><\/fieldset><\/form><div id=\"ajaxresponse_1\" class=\"ajaxresponse ajaxresponse_1 hidden\"><\/div><\/div>\n<style type=\"text\/css\" data-created_by=\"avia_inline_auto\" id=\"style-css-av-av_two_fifth-79ff81c021393065cee878051452f6a6\">\n.flex_column.av-av_two_fifth-79ff81c021393065cee878051452f6a6{\nborder-radius:0px 0px 0px 0px;\n-webkit-border-radius:0px 0px 0px 0px;\n-moz-border-radius:0px 0px 0px 0px;\n}\n<\/style>\n<div class='flex_column av-av_two_fifth-79ff81c021393065cee878051452f6a6 av_two_fifth  avia-builder-el-7  el_after_av_two_fifth  avia-builder-el-last  first flex_column_div av-zero-column-padding '   ><\/div><\/p>\n","protected":false},"excerpt":{"rendered":"","protected":false},"author":2,"featured_media":0,"parent":0,"menu_order":0,"comment_status":"closed","ping_status":"closed","template":"","meta":{"footnotes":""},"yst_prominent_words":[],"class_list":["post-3197","page","type-page","status-publish","hentry"],"_links":{"self":[{"href":"https:\/\/www.capokia.com.br\/en\/wp-json\/wp\/v2\/pages\/3197","targetHints":{"allow":["GET"]}}],"collection":[{"href":"https:\/\/www.capokia.com.br\/en\/wp-json\/wp\/v2\/pages"}],"about":[{"href":"https:\/\/www.capokia.com.br\/en\/wp-json\/wp\/v2\/types\/page"}],"author":[{"embeddable":true,"href":"https:\/\/www.capokia.com.br\/en\/wp-json\/wp\/v2\/users\/2"}],"replies":[{"embeddable":true,"href":"https:\/\/www.capokia.com.br\/en\/wp-json\/wp\/v2\/comments?post=3197"}],"version-history":[{"count":8,"href":"https:\/\/www.capokia.com.br\/en\/wp-json\/wp\/v2\/pages\/3197\/revisions"}],"predecessor-version":[{"id":4929,"href":"https:\/\/www.capokia.com.br\/en\/wp-json\/wp\/v2\/pages\/3197\/revisions\/4929"}],"wp:attachment":[{"href":"https:\/\/www.capokia.com.br\/en\/wp-json\/wp\/v2\/media?parent=3197"}],"wp:term":[{"taxonomy":"yst_prominent_words","embeddable":true,"href":"https:\/\/www.capokia.com.br\/en\/wp-json\/wp\/v2\/yst_prominent_words?post=3197"}],"curies":[{"name":"wp","href":"https:\/\/api.w.org\/{rel}","templated":true}]}}